{"id":135,"date":"2020-12-18T15:56:44","date_gmt":"2020-12-18T15:56:44","guid":{"rendered":"https:\/\/farners.ch\/?page_id=135"},"modified":"2024-04-16T09:42:16","modified_gmt":"2024-04-16T07:42:16","slug":"leitbild","status":"publish","type":"page","link":"https:\/\/farners.ch\/de\/firma\/leitbild\/","title":{"rendered":"Leitbild"},"content":{"rendered":"<div class=\"wpb-content-wrapper\"><p>[vc_row row_height_percent=&#8220;0&#8243; override_padding=&#8220;yes&#8220; h_padding=&#8220;2&#8243; top_padding=&#8220;0&#8243; bottom_padding=&#8220;0&#8243; overlay_alpha=&#8220;50&#8243; gutter_size=&#8220;3&#8243; column_width_percent=&#8220;100&#8243; shift_y=&#8220;0&#8243; z_index=&#8220;0&#8243; desktop_visibility=&#8220;yes&#8220; medium_visibility=&#8220;yes&#8220; el_class=&#8220;neunerblock_top no_bottom&#8220; css=&#8220;.vc_custom_1609777159931{margin-top: -6px !important;margin-bottom: -14px !important;padding-top: 0px !important;padding-bottom: 0px !important;}&#8220;][vc_column column_width_percent=&#8220;100&#8243; gutter_size=&#8220;3&#8243; overlay_alpha=&#8220;50&#8243; shift_x=&#8220;0&#8243; shift_y=&#8220;0&#8243; shift_y_down=&#8220;0&#8243; z_index=&#8220;0&#8243; medium_width=&#8220;0&#8243; mobile_width=&#8220;0&#8243; width=&#8220;1\/1&#8243; el_class=&#8220;no_bottom&#8220;][\/vc_column][\/vc_row][vc_row row_height_percent=&#8220;0&#8243; override_padding=&#8220;yes&#8220; h_padding=&#8220;2&#8243; top_padding=&#8220;0&#8243; bottom_padding=&#8220;0&#8243; overlay_alpha=&#8220;50&#8243; gutter_size=&#8220;3&#8243; column_width_percent=&#8220;100&#8243; shift_y=&#8220;0&#8243; z_index=&#8220;0&#8243; css=&#8220;.vc_custom_1610014541843{margin-top: 0px !important;padding-top: 0px !important;padding-bottom: 46px !important;}&#8220; el_class=&#8220;no_bottom&#8220;][vc_column column_width_percent=&#8220;80&#8243; align_horizontal=&#8220;align_center&#8220; gutter_size=&#8220;3&#8243; overlay_alpha=&#8220;50&#8243; shift_x=&#8220;0&#8243; shift_y=&#8220;0&#8243; shift_y_down=&#8220;0&#8243; z_index=&#8220;0&#8243; medium_width=&#8220;0&#8243; mobile_width=&#8220;0&#8243; width=&#8220;1\/1&#8243;][vc_column_text el_class=&#8220;zab_groesser&#8220;]<\/p>\n<h2>Was Farner\u2019s auszeichnet<\/h2>\n<p>Farner\u2019s lebt die Passion f\u00fcr frische Fr\u00fcchte. Wir haben Freude an der Arbeit, am Umgang mit Menschen und an der t\u00e4glichen Herausforderung. Umfassende Marktkenntnisse, qualitativ hochstehende Produkte und fortlaufende Innovation zeichnen uns aus. Farner\u2019s treibt die Weiterentwicklung und Verbesserung von Produkten, Prozessen, Rezepturen und Verarbeitungstechniken aktiv voran. Mit kurzen internen Entscheidungswegen verf\u00fcgen wir \u00fcber ein hohes Mass an Flexibilit\u00e4t und Entscheidungsfreude gegen\u00fcber neuen Ideen. Wir finden f\u00fcr alles eine L\u00f6sung.[\/vc_column_text][\/vc_column][\/vc_row][vc_row row_height_percent=&#8220;0&#8243; override_padding=&#8220;yes&#8220; h_padding=&#8220;2&#8243; top_padding=&#8220;0&#8243; bottom_padding=&#8220;0&#8243; overlay_alpha=&#8220;50&#8243; gutter_size=&#8220;3&#8243; column_width_percent=&#8220;100&#8243; shift_y=&#8220;0&#8243; z_index=&#8220;0&#8243; desktop_visibility=&#8220;yes&#8220; medium_visibility=&#8220;yes&#8220; el_class=&#8220;fuenferblock_top no_bottom&#8220; css=&#8220;.vc_custom_1609943925961{margin-top: 0px !important;margin-bottom: -8px !important;padding-top: 0px !important;padding-bottom: 0px !important;}&#8220;][vc_column column_width_percent=&#8220;100&#8243; gutter_size=&#8220;3&#8243; overlay_alpha=&#8220;50&#8243; shift_x=&#8220;0&#8243; shift_y=&#8220;0&#8243; shift_y_down=&#8220;0&#8243; z_index=&#8220;0&#8243; medium_width=&#8220;0&#8243; mobile_width=&#8220;0&#8243; width=&#8220;1\/1&#8243; el_class=&#8220;no_bottom&#8220;][\/vc_column][\/vc_row][vc_row row_height_percent=&#8220;0&#8243; override_padding=&#8220;yes&#8220; h_padding=&#8220;2&#8243; top_padding=&#8220;0&#8243; bottom_padding=&#8220;0&#8243; back_color=&#8220;color-181039&#8243; overlay_alpha=&#8220;50&#8243; gutter_size=&#8220;4&#8243; column_width_percent=&#8220;100&#8243; shift_y=&#8220;0&#8243; z_index=&#8220;0&#8243; inverted_device_order=&#8220;yes&#8220; css=&#8220;.vc_custom_1609773921835{margin-top: 0px !important;margin-bottom: 0px !important;padding-top: 50px !important;padding-bottom: 50px !important;}&#8220;][vc_column column_width_percent=&#8220;100&#8243; gutter_size=&#8220;3&#8243; overlay_alpha=&#8220;50&#8243; shift_x=&#8220;0&#8243; shift_y=&#8220;0&#8243; shift_y_down=&#8220;0&#8243; z_index=&#8220;0&#8243; medium_width=&#8220;0&#8243; mobile_width=&#8220;0&#8243; width=&#8220;1\/2&#8243;][vc_column_text el_class=&#8220;zab_groesser&#8220; uncode_shortcode_id=&#8220;649425&#8243;]<\/p>\n<h3>Integrierte Nachhaltigkeit<\/h3>\n<p>Uns ist Nachhaltigkeit wichtig und Foodwaste ist unserer Meinung nach, wenn immer m\u00f6glich, zu vermeiden. Fr\u00fcchte zweiter und dritter Qualit\u00e4t verarbeiten wir auch zu belebenden Destillaten oder k\u00f6stlichem Nektar verarbeiten. Wir sind nahe dran an der Entwicklung von neuen \u00f6kologischen Materialien und sind aufgeschlossen gegen\u00fcber innovativen Verpackungsl\u00f6sungen. Die biologische Produktion unterst\u00fctzen wir, um eine Verschmutzung von B\u00f6den und Wasser zu minimieren. Auch soziales Engagement geh\u00f6rt zur Nachhaltigkeit: Wir unterst\u00fctzen Anl\u00e4sse in der Region und das Sponsoring von Vereinen.[\/vc_column_text][\/vc_column][vc_column column_width_percent=&#8220;100&#8243; gutter_size=&#8220;3&#8243; overlay_alpha=&#8220;50&#8243; shift_x=&#8220;0&#8243; shift_y=&#8220;0&#8243; shift_y_down=&#8220;0&#8243; z_index=&#8220;0&#8243; medium_width=&#8220;0&#8243; mobile_width=&#8220;0&#8243; width=&#8220;1\/2&#8243;][vc_single_image media=&#8220;1287&#8243; media_width_percent=&#8220;100&#8243;][\/vc_column][\/vc_row][vc_row row_height_percent=&#8220;0&#8243; override_padding=&#8220;yes&#8220; h_padding=&#8220;2&#8243; top_padding=&#8220;0&#8243; bottom_padding=&#8220;0&#8243; back_color=&#8220;color-xsdn&#8220; overlay_alpha=&#8220;50&#8243; gutter_size=&#8220;3&#8243; column_width_percent=&#8220;100&#8243; shift_y=&#8220;0&#8243; z_index=&#8220;0&#8243; css=&#8220;.vc_custom_1610014226966{margin-top: 0px !important;padding-top: 80px !important;padding-bottom: 81px !important;}&#8220; el_class=&#8220;fuenferblock_top no_bottom&#8220;][vc_column column_width_percent=&#8220;66&#8243; align_horizontal=&#8220;align_center&#8220; gutter_size=&#8220;3&#8243; overlay_alpha=&#8220;50&#8243; shift_x=&#8220;0&#8243; shift_y=&#8220;0&#8243; shift_y_down=&#8220;0&#8243; z_index=&#8220;0&#8243; medium_width=&#8220;0&#8243; mobile_width=&#8220;0&#8243; width=&#8220;1\/1&#8243;][vc_column_text uncode_shortcode_id=&#8220;121267&#8243;]<\/p>\n<h2>Unser Credo<\/h2>\n<p>Wir arbeiten kundenorientiert und suchen gemeinsam nach individuell passenden und zukunftsf\u00e4higen L\u00f6sungen. Bei uns wird Qualit\u00e4t und Zuverl\u00e4ssigkeit hochgeschrieben. Unsere Eigenst\u00e4ndigkeit und unser kleines Team erm\u00f6glichen uns kurze Entscheidungswege und transparente Prozesse. So bleiben wir agil und innovationsstark.[\/vc_column_text][\/vc_column][\/vc_row][vc_row row_height_percent=&#8220;0&#8243; override_padding=&#8220;yes&#8220; h_padding=&#8220;2&#8243; top_padding=&#8220;0&#8243; bottom_padding=&#8220;0&#8243; overlay_alpha=&#8220;50&#8243; gutter_size=&#8220;3&#8243; column_width_percent=&#8220;100&#8243; shift_y=&#8220;0&#8243; z_index=&#8220;0&#8243; desktop_visibility=&#8220;yes&#8220; medium_visibility=&#8220;yes&#8220; el_class=&#8220;neunerblock_top no_bottom&#8220; css=&#8220;.vc_custom_1610014267331{margin-top: -6px !important;margin-bottom: -7px !important;padding-top: 0px !important;padding-bottom: 0px !important;}&#8220;][vc_column column_width_percent=&#8220;100&#8243; gutter_size=&#8220;3&#8243; overlay_alpha=&#8220;50&#8243; shift_x=&#8220;0&#8243; shift_y=&#8220;0&#8243; shift_y_down=&#8220;0&#8243; z_index=&#8220;0&#8243; medium_width=&#8220;0&#8243; mobile_width=&#8220;0&#8243; width=&#8220;1\/1&#8243; el_class=&#8220;no_bottom&#8220;][\/vc_column][\/vc_row]<\/p>\n<\/div>","protected":false},"excerpt":{"rendered":"<p>[vc_row row_height_percent=&#8220;0&#8243; override_padding=&#8220;yes&#8220; h_padding=&#8220;2&#8243; top_padding=&#8220;0&#8243; bottom_padding=&#8220;0&#8243; overlay_alpha=&#8220;50&#8243; gutter_size=&#8220;3&#8243; column_width_percent=&#8220;100&#8243; shift_y=&#8220;0&#8243; z_index=&#8220;0&#8243; desktop_visibility=&#8220;yes&#8220; medium_visibility=&#8220;yes&#8220; el_class=&#8220;neunerblock_top no_bottom&#8220; css=&#8220;.vc_custom_1609777159931{margin-top: -6px !important;margin-bottom: -14px !important;padding-top: [&hellip;]<\/p>\n","protected":false},"author":1,"featured_media":0,"parent":84,"menu_order":9,"comment_status":"closed","ping_status":"closed","template":"","meta":{"footnotes":""},"class_list":["post-135","page","type-page","status-publish","hentry"],"yoast_head":"<!-- This site is optimized with the Yoast SEO plugin v27.4 - https:\/\/yoast.com\/product\/yoast-seo-wordpress\/ -->\n<title>Unser Leitbild &#8211; Farner\u2019s<\/title>\n<meta name=\"robots\" content=\"index, follow, max-snippet:-1, max-image-preview:large, max-video-preview:-1\" \/>\n<link rel=\"canonical\" href=\"https:\/\/farners.ch\/de\/firma\/leitbild\/\" \/>\n<meta property=\"og:locale\" content=\"de_DE\" \/>\n<meta property=\"og:type\" content=\"article\" \/>\n<meta property=\"og:title\" content=\"Unser Leitbild &#8211; Farner\u2019s\" \/>\n<meta property=\"og:description\" content=\"[vc_row row_height_percent=&#8220;0&#8243; override_padding=&#8220;yes&#8220; h_padding=&#8220;2&#8243; top_padding=&#8220;0&#8243; bottom_padding=&#8220;0&#8243; overlay_alpha=&#8220;50&#8243; gutter_size=&#8220;3&#8243; column_width_percent=&#8220;100&#8243; shift_y=&#8220;0&#8243; z_index=&#8220;0&#8243; desktop_visibility=&#8220;yes&#8220; medium_visibility=&#8220;yes&#8220; el_class=&#8220;neunerblock_top no_bottom&#8220; css=&#8220;.vc_custom_1609777159931{margin-top: -6px !important;margin-bottom: -14px !important;padding-top: [&hellip;]\" \/>\n<meta property=\"og:url\" content=\"https:\/\/farners.ch\/de\/firma\/leitbild\/\" \/>\n<meta property=\"og:site_name\" content=\"Farner\u2019s\" \/>\n<meta property=\"article:modified_time\" content=\"2024-04-16T07:42:16+00:00\" \/>\n<meta name=\"twitter:card\" content=\"summary_large_image\" \/>\n<meta name=\"twitter:label1\" content=\"Gesch\u00e4tzte Lesezeit\" \/>\n\t<meta name=\"twitter:data1\" content=\"2\u00a0Minuten\" \/>\n<script type=\"application\/ld+json\" class=\"yoast-schema-graph\">{\"@context\":\"https:\\\/\\\/schema.org\",\"@graph\":[{\"@type\":\"WebPage\",\"@id\":\"https:\\\/\\\/farners.ch\\\/de\\\/firma\\\/leitbild\\\/\",\"url\":\"https:\\\/\\\/farners.ch\\\/de\\\/firma\\\/leitbild\\\/\",\"name\":\"Unser Leitbild &#8211; Farner\u2019s\",\"isPartOf\":{\"@id\":\"https:\\\/\\\/farners.ch\\\/de\\\/#website\"},\"datePublished\":\"2020-12-18T15:56:44+00:00\",\"dateModified\":\"2024-04-16T07:42:16+00:00\",\"breadcrumb\":{\"@id\":\"https:\\\/\\\/farners.ch\\\/de\\\/firma\\\/leitbild\\\/#breadcrumb\"},\"inLanguage\":\"de\",\"potentialAction\":[{\"@type\":\"ReadAction\",\"target\":[\"https:\\\/\\\/farners.ch\\\/de\\\/firma\\\/leitbild\\\/\"]}]},{\"@type\":\"BreadcrumbList\",\"@id\":\"https:\\\/\\\/farners.ch\\\/de\\\/firma\\\/leitbild\\\/#breadcrumb\",\"itemListElement\":[{\"@type\":\"ListItem\",\"position\":1,\"name\":\"Startseite\",\"item\":\"https:\\\/\\\/farners.ch\\\/de\\\/\"},{\"@type\":\"ListItem\",\"position\":2,\"name\":\"Firma\",\"item\":\"https:\\\/\\\/farners.ch\\\/de\\\/firma\\\/\"},{\"@type\":\"ListItem\",\"position\":3,\"name\":\"Leitbild\"}]},{\"@type\":\"WebSite\",\"@id\":\"https:\\\/\\\/farners.ch\\\/de\\\/#website\",\"url\":\"https:\\\/\\\/farners.ch\\\/de\\\/\",\"name\":\"Farner\u2019s\",\"description\":\"Agrarhandel\",\"publisher\":{\"@id\":\"https:\\\/\\\/farners.ch\\\/de\\\/#organization\"},\"potentialAction\":[{\"@type\":\"SearchAction\",\"target\":{\"@type\":\"EntryPoint\",\"urlTemplate\":\"https:\\\/\\\/farners.ch\\\/de\\\/?s={search_term_string}\"},\"query-input\":{\"@type\":\"PropertyValueSpecification\",\"valueRequired\":true,\"valueName\":\"search_term_string\"}}],\"inLanguage\":\"de\"},{\"@type\":\"Organization\",\"@id\":\"https:\\\/\\\/farners.ch\\\/de\\\/#organization\",\"name\":\"Farner\u2019s\",\"url\":\"https:\\\/\\\/farners.ch\\\/de\\\/\",\"logo\":{\"@type\":\"ImageObject\",\"inLanguage\":\"de\",\"@id\":\"https:\\\/\\\/farners.ch\\\/de\\\/#\\\/schema\\\/logo\\\/image\\\/\",\"url\":\"https:\\\/\\\/farners.ch\\\/wp-content\\\/uploads\\\/2020\\\/12\\\/farners_logo_positiv.png\",\"contentUrl\":\"https:\\\/\\\/farners.ch\\\/wp-content\\\/uploads\\\/2020\\\/12\\\/farners_logo_positiv.png\",\"width\":318,\"height\":86,\"caption\":\"Farner\u2019s\"},\"image\":{\"@id\":\"https:\\\/\\\/farners.ch\\\/de\\\/#\\\/schema\\\/logo\\\/image\\\/\"}}]}<\/script>\n<!-- \/ Yoast SEO plugin. -->","yoast_head_json":{"title":"Unser Leitbild &#8211; Farner\u2019s","robots":{"index":"index","follow":"follow","max-snippet":"max-snippet:-1","max-image-preview":"max-image-preview:large","max-video-preview":"max-video-preview:-1"},"canonical":"https:\/\/farners.ch\/de\/firma\/leitbild\/","og_locale":"de_DE","og_type":"article","og_title":"Unser Leitbild &#8211; Farner\u2019s","og_description":"[vc_row row_height_percent=&#8220;0&#8243; override_padding=&#8220;yes&#8220; h_padding=&#8220;2&#8243; top_padding=&#8220;0&#8243; bottom_padding=&#8220;0&#8243; overlay_alpha=&#8220;50&#8243; gutter_size=&#8220;3&#8243; column_width_percent=&#8220;100&#8243; shift_y=&#8220;0&#8243; z_index=&#8220;0&#8243; desktop_visibility=&#8220;yes&#8220; medium_visibility=&#8220;yes&#8220; el_class=&#8220;neunerblock_top no_bottom&#8220; css=&#8220;.vc_custom_1609777159931{margin-top: -6px !important;margin-bottom: -14px !important;padding-top: [&hellip;]","og_url":"https:\/\/farners.ch\/de\/firma\/leitbild\/","og_site_name":"Farner\u2019s","article_modified_time":"2024-04-16T07:42:16+00:00","twitter_card":"summary_large_image","twitter_misc":{"Gesch\u00e4tzte Lesezeit":"2\u00a0Minuten"},"schema":{"@context":"https:\/\/schema.org","@graph":[{"@type":"WebPage","@id":"https:\/\/farners.ch\/de\/firma\/leitbild\/","url":"https:\/\/farners.ch\/de\/firma\/leitbild\/","name":"Unser Leitbild &#8211; Farner\u2019s","isPartOf":{"@id":"https:\/\/farners.ch\/de\/#website"},"datePublished":"2020-12-18T15:56:44+00:00","dateModified":"2024-04-16T07:42:16+00:00","breadcrumb":{"@id":"https:\/\/farners.ch\/de\/firma\/leitbild\/#breadcrumb"},"inLanguage":"de","potentialAction":[{"@type":"ReadAction","target":["https:\/\/farners.ch\/de\/firma\/leitbild\/"]}]},{"@type":"BreadcrumbList","@id":"https:\/\/farners.ch\/de\/firma\/leitbild\/#breadcrumb","itemListElement":[{"@type":"ListItem","position":1,"name":"Startseite","item":"https:\/\/farners.ch\/de\/"},{"@type":"ListItem","position":2,"name":"Firma","item":"https:\/\/farners.ch\/de\/firma\/"},{"@type":"ListItem","position":3,"name":"Leitbild"}]},{"@type":"WebSite","@id":"https:\/\/farners.ch\/de\/#website","url":"https:\/\/farners.ch\/de\/","name":"Farner\u2019s","description":"Agrarhandel","publisher":{"@id":"https:\/\/farners.ch\/de\/#organization"},"potentialAction":[{"@type":"SearchAction","target":{"@type":"EntryPoint","urlTemplate":"https:\/\/farners.ch\/de\/?s={search_term_string}"},"query-input":{"@type":"PropertyValueSpecification","valueRequired":true,"valueName":"search_term_string"}}],"inLanguage":"de"},{"@type":"Organization","@id":"https:\/\/farners.ch\/de\/#organization","name":"Farner\u2019s","url":"https:\/\/farners.ch\/de\/","logo":{"@type":"ImageObject","inLanguage":"de","@id":"https:\/\/farners.ch\/de\/#\/schema\/logo\/image\/","url":"https:\/\/farners.ch\/wp-content\/uploads\/2020\/12\/farners_logo_positiv.png","contentUrl":"https:\/\/farners.ch\/wp-content\/uploads\/2020\/12\/farners_logo_positiv.png","width":318,"height":86,"caption":"Farner\u2019s"},"image":{"@id":"https:\/\/farners.ch\/de\/#\/schema\/logo\/image\/"}}]}},"_links":{"self":[{"href":"https:\/\/farners.ch\/de\/wp-json\/wp\/v2\/pages\/135","targetHints":{"allow":["GET"]}}],"collection":[{"href":"https:\/\/farners.ch\/de\/wp-json\/wp\/v2\/pages"}],"about":[{"href":"https:\/\/farners.ch\/de\/wp-json\/wp\/v2\/types\/page"}],"author":[{"embeddable":true,"href":"https:\/\/farners.ch\/de\/wp-json\/wp\/v2\/users\/1"}],"replies":[{"embeddable":true,"href":"https:\/\/farners.ch\/de\/wp-json\/wp\/v2\/comments?post=135"}],"version-history":[{"count":58,"href":"https:\/\/farners.ch\/de\/wp-json\/wp\/v2\/pages\/135\/revisions"}],"predecessor-version":[{"id":3468,"href":"https:\/\/farners.ch\/de\/wp-json\/wp\/v2\/pages\/135\/revisions\/3468"}],"up":[{"embeddable":true,"href":"https:\/\/farners.ch\/de\/wp-json\/wp\/v2\/pages\/84"}],"wp:attachment":[{"href":"https:\/\/farners.ch\/de\/wp-json\/wp\/v2\/media?parent=135"}],"curies":[{"name":"wp","href":"https:\/\/api.w.org\/{rel}","templated":true}]}}