{"id":131,"date":"2020-12-18T15:55:31","date_gmt":"2020-12-18T15:55:31","guid":{"rendered":"https:\/\/farners.ch\/firma\/ansprechpartner\/"},"modified":"2024-04-16T09:12:25","modified_gmt":"2024-04-16T07:12:25","slug":"interlocuteurs","status":"publish","type":"page","link":"https:\/\/farners.ch\/fr\/entreprise\/interlocuteurs\/","title":{"rendered":"Interlocuteurs"},"content":{"rendered":"<div class=\"wpb-content-wrapper\"><p>[vc_row row_height_percent=\u00a0\u00bb0&Prime; override_padding=\u00a0\u00bbyes\u00a0\u00bb h_padding=\u00a0\u00bb2&Prime; top_padding=\u00a0\u00bb0&Prime; bottom_padding=\u00a0\u00bb0&Prime; overlay_alpha=\u00a0\u00bb50&Prime; gutter_size=\u00a0\u00bb3&Prime; column_width_percent=\u00a0\u00bb100&Prime; shift_y=\u00a0\u00bb0&Prime; z_index=\u00a0\u00bb0&Prime; desktop_visibility=\u00a0\u00bbyes\u00a0\u00bb medium_visibility=\u00a0\u00bbyes\u00a0\u00bb el_class=\u00a0\u00bbneunerblock_top no_bottom\u00a0\u00bb css=\u00a0\u00bb.vc_custom_1609777159931{margin-top: -6px !important;margin-bottom: -14px !important;padding-top: 0px !important;padding-bottom: 0px !important;}\u00a0\u00bb][vc_column column_width_percent=\u00a0\u00bb100&Prime; gutter_size=\u00a0\u00bb3&Prime; overlay_alpha=\u00a0\u00bb50&Prime; shift_x=\u00a0\u00bb0&Prime; shift_y=\u00a0\u00bb0&Prime; shift_y_down=\u00a0\u00bb0&Prime; z_index=\u00a0\u00bb0&Prime; medium_width=\u00a0\u00bb0&Prime; mobile_width=\u00a0\u00bb0&Prime; width=\u00a0\u00bb1\/1&Prime; el_class=\u00a0\u00bbno_bottom\u00a0\u00bb][\/vc_column][\/vc_row][vc_row row_height_percent=\u00a0\u00bb0&Prime; override_padding=\u00a0\u00bbyes\u00a0\u00bb h_padding=\u00a0\u00bb2&Prime; top_padding=\u00a0\u00bb0&Prime; bottom_padding=\u00a0\u00bb0&Prime; overlay_alpha=\u00a0\u00bb50&Prime; gutter_size=\u00a0\u00bb3&Prime; column_width_percent=\u00a0\u00bb100&Prime; shift_y=\u00a0\u00bb0&Prime; z_index=\u00a0\u00bb0&Prime; css=\u00a0\u00bb.vc_custom_1610013676589{margin-top: 0px !important;margin-bottom: 0px !important;padding-top: 0px !important;padding-bottom: 36px !important;}\u00a0\u00bb el_class=\u00a0\u00bbsmall_bottom\u00a0\u00bb][vc_column column_width_percent=\u00a0\u00bb70&Prime; align_horizontal=\u00a0\u00bbalign_center\u00a0\u00bb gutter_size=\u00a0\u00bb3&Prime; overlay_alpha=\u00a0\u00bb50&Prime; shift_x=\u00a0\u00bb0&Prime; shift_y=\u00a0\u00bb0&Prime; shift_y_down=\u00a0\u00bb0&Prime; z_index=\u00a0\u00bb0&Prime; medium_width=\u00a0\u00bb0&Prime; mobile_width=\u00a0\u00bb0&Prime; width=\u00a0\u00bb1\/1&Prime;][vc_column_text el_class=\u00a0\u00bbzab_groesser\u00a0\u00bb]<\/p>\n<h2>Interlocuteurs<\/h2>\n<p>Vous pouvez compter sur nous \u00e0 tout moment. Nous pouvons vous fournir des informations sur la qualit\u00e9, les capacit\u00e9s de livraison ou les innovations. Nous organisons et coordonnons vos commandes. Nous nous occupons des requ\u00eates particuli\u00e8res. Nous sommes ouverts aux nouvelles id\u00e9es et vous soutenons dans leur r\u00e9alisation. Profitez de notre vaste exp\u00e9rience de la production en passant par la transformation jusqu\u2019au marketing. Nous d\u00e9veloppons ensemble des solutions adapt\u00e9es au futur.[\/vc_column_text][\/vc_column][\/vc_row][vc_row row_height_percent=\u00a0\u00bb0&Prime; override_padding=\u00a0\u00bbyes\u00a0\u00bb h_padding=\u00a0\u00bb2&Prime; top_padding=\u00a0\u00bb0&Prime; bottom_padding=\u00a0\u00bb0&Prime; overlay_alpha=\u00a0\u00bb50&Prime; gutter_size=\u00a0\u00bb2&Prime; column_width_percent=\u00a0\u00bb100&Prime; shift_y=\u00a0\u00bb0&Prime; z_index=\u00a0\u00bb0&Prime; el_class=\u00a0\u00bbno_bottom\u00a0\u00bb css=\u00a0\u00bb.vc_custom_1612431256932{padding-bottom: 0px !important;}\u00a0\u00bb][vc_column column_width_percent=\u00a0\u00bb100&Prime; align_horizontal=\u00a0\u00bbalign_center\u00a0\u00bb gutter_size=\u00a0\u00bb3&Prime; override_padding=\u00a0\u00bbyes\u00a0\u00bb column_padding=\u00a0\u00bb0&Prime; overlay_alpha=\u00a0\u00bb50&Prime; shift_x=\u00a0\u00bb0&Prime; shift_y=\u00a0\u00bb0&Prime; shift_y_down=\u00a0\u00bb0&Prime; z_index=\u00a0\u00bb0&Prime; medium_width=\u00a0\u00bb4&Prime; mobile_width=\u00a0\u00bb0&Prime; width=\u00a0\u00bb1\/6&Prime;][vc_single_image media=\u00a0\u00bb1041&Prime; media_width_percent=\u00a0\u00bb100&Prime;][vc_column_text el_class=\u00a0\u00bbsmall-text\u00a0\u00bb css=\u00a0\u00bb.vc_custom_1613558499709{margin-top: 20px !important;}\u00a0\u00bb]<\/p>\n<h4>Martin Farner<\/h4>\n<p>Direction<br \/>\nCommerce agricole et service de conseils<\/p>\n<p><a href=\"tel:+41527402762\">T +41 52 740 27 62<\/a><br \/>\n<a href=\"tel:+41794700984\">M +41 79 470 09 84<\/a>[\/vc_column_text][vc_column_text el_class=\u00a0\u00bbmy_button\u00a0\u00bb css=\u00a0\u00bb.vc_custom_1612452492653{margin-top: 9px !important;padding-top: 0px !important;}\u00a0\u00bb]<a href=\"mailto:martin.farner@farners.ch\">E-Mail<\/a>[\/vc_column_text][vc_empty_space empty_h=\u00a0\u00bb1&Prime; desktop_visibility=\u00a0\u00bbyes\u00a0\u00bb][\/vc_column][vc_column column_width_percent=\u00a0\u00bb100&Prime; align_horizontal=\u00a0\u00bbalign_center\u00a0\u00bb gutter_size=\u00a0\u00bb3&Prime; override_padding=\u00a0\u00bbyes\u00a0\u00bb column_padding=\u00a0\u00bb0&Prime; overlay_alpha=\u00a0\u00bb50&Prime; shift_x=\u00a0\u00bb0&Prime; shift_y=\u00a0\u00bb0&Prime; shift_y_down=\u00a0\u00bb0&Prime; z_index=\u00a0\u00bb0&Prime; medium_width=\u00a0\u00bb4&Prime; mobile_width=\u00a0\u00bb0&Prime; width=\u00a0\u00bb1\/6&Prime;][vc_single_image media=\u00a0\u00bb1035&Prime; media_width_percent=\u00a0\u00bb100&Prime;][vc_column_text el_class=\u00a0\u00bbsmall-text\u00a0\u00bb css=\u00a0\u00bb.vc_custom_1613558522342{margin-top: 20px !important;}\u00a0\u00bb]<\/p>\n<h4>Eveline Farner<\/h4>\n<p>Direction<br \/>\nVente produits et shop<\/p>\n<p><a href=\"tel:+41797827037\">M +41 79 782 70 37<\/a>[\/vc_column_text][vc_column_text el_class=\u00a0\u00bbmy_button\u00a0\u00bb css=\u00a0\u00bb.vc_custom_1611845651321{margin-top: 9px !important;padding-top: 0px !important;}\u00a0\u00bb]<a href=\"mailto:eveline.farner@farners.ch\">E-Mail <\/a>[\/vc_column_text][vc_empty_space empty_h=\u00a0\u00bb1&Prime; desktop_visibility=\u00a0\u00bbyes\u00a0\u00bb][\/vc_column][vc_column column_width_percent=\u00a0\u00bb100&Prime; align_horizontal=\u00a0\u00bbalign_center\u00a0\u00bb gutter_size=\u00a0\u00bb3&Prime; override_padding=\u00a0\u00bbyes\u00a0\u00bb column_padding=\u00a0\u00bb0&Prime; overlay_alpha=\u00a0\u00bb50&Prime; shift_x=\u00a0\u00bb0&Prime; shift_y=\u00a0\u00bb0&Prime; shift_y_down=\u00a0\u00bb0&Prime; z_index=\u00a0\u00bb0&Prime; medium_width=\u00a0\u00bb4&Prime; mobile_width=\u00a0\u00bb0&Prime; width=\u00a0\u00bb1\/6&Prime;][vc_single_image media=\u00a0\u00bb1037&Prime; media_width_percent=\u00a0\u00bb100&Prime;][vc_column_text el_class=\u00a0\u00bbsmall-text\u00a0\u00bb css=\u00a0\u00bb.vc_custom_1673969066930{margin-top: 20px !important;}\u00a0\u00bb uncode_shortcode_id=\u00a0\u00bb460539&Prime;]<\/p>\n<h4>Fabienne Farner<\/h4>\n<p>Marketing, Social Media et administration<\/p>\n<p><a href=\"tel:+41527402762\">T +41 52 740 27 62<\/a>[\/vc_column_text][vc_column_text el_class=\u00a0\u00bbmy_button\u00a0\u00bb css=\u00a0\u00bb.vc_custom_1613558584121{margin-top: 9px !important;padding-top: 0px !important;}\u00a0\u00bb]<a href=\"mailto:fabienne.farner@farners.ch\">E-Mail<\/a>[\/vc_column_text][vc_empty_space empty_h=\u00a0\u00bb1&Prime; desktop_visibility=\u00a0\u00bbyes\u00a0\u00bb][\/vc_column][\/vc_row][vc_row row_height_percent=\u00a0\u00bb0&Prime; override_padding=\u00a0\u00bbyes\u00a0\u00bb h_padding=\u00a0\u00bb2&Prime; top_padding=\u00a0\u00bb0&Prime; bottom_padding=\u00a0\u00bb0&Prime; overlay_alpha=\u00a0\u00bb50&Prime; gutter_size=\u00a0\u00bb3&Prime; column_width_percent=\u00a0\u00bb100&Prime; shift_y=\u00a0\u00bb0&Prime; z_index=\u00a0\u00bb0&Prime; medium_visibility=\u00a0\u00bbyes\u00a0\u00bb mobile_visibility=\u00a0\u00bbyes\u00a0\u00bb css=\u00a0\u00bb.vc_custom_1612431424695{margin-top: 0px !important;padding-top: 0px !important;padding-bottom: 80px !important;}\u00a0\u00bb][vc_column column_width_percent=\u00a0\u00bb100&Prime; gutter_size=\u00a0\u00bb3&Prime; overlay_alpha=\u00a0\u00bb50&Prime; shift_x=\u00a0\u00bb0&Prime; shift_y=\u00a0\u00bb0&Prime; shift_y_down=\u00a0\u00bb0&Prime; z_index=\u00a0\u00bb0&Prime; medium_width=\u00a0\u00bb0&Prime; mobile_width=\u00a0\u00bb0&Prime; width=\u00a0\u00bb1\/1&Prime; el_class=\u00a0\u00bbno_bottom\u00a0\u00bb][\/vc_column][\/vc_row][vc_row row_height_percent=\u00a0\u00bb0&Prime; override_padding=\u00a0\u00bbyes\u00a0\u00bb h_padding=\u00a0\u00bb2&Prime; top_padding=\u00a0\u00bb0&Prime; bottom_padding=\u00a0\u00bb0&Prime; overlay_alpha=\u00a0\u00bb50&Prime; gutter_size=\u00a0\u00bb3&Prime; column_width_percent=\u00a0\u00bb100&Prime; shift_y=\u00a0\u00bb0&Prime; z_index=\u00a0\u00bb0&Prime; desktop_visibility=\u00a0\u00bbyes\u00a0\u00bb mobile_visibility=\u00a0\u00bbyes\u00a0\u00bb css=\u00a0\u00bb.vc_custom_1612431441945{margin-top: 0px !important;padding-top: 0px !important;padding-bottom: 52px !important;}\u00a0\u00bb][vc_column column_width_percent=\u00a0\u00bb100&Prime; gutter_size=\u00a0\u00bb3&Prime; overlay_alpha=\u00a0\u00bb50&Prime; shift_x=\u00a0\u00bb0&Prime; shift_y=\u00a0\u00bb0&Prime; shift_y_down=\u00a0\u00bb0&Prime; z_index=\u00a0\u00bb0&Prime; medium_width=\u00a0\u00bb0&Prime; mobile_width=\u00a0\u00bb0&Prime; width=\u00a0\u00bb1\/1&Prime; el_class=\u00a0\u00bbno_bottom\u00a0\u00bb][\/vc_column][\/vc_row][vc_row row_height_percent=\u00a0\u00bb0&Prime; override_padding=\u00a0\u00bbyes\u00a0\u00bb h_padding=\u00a0\u00bb2&Prime; top_padding=\u00a0\u00bb0&Prime; bottom_padding=\u00a0\u00bb0&Prime; overlay_alpha=\u00a0\u00bb50&Prime; gutter_size=\u00a0\u00bb3&Prime; column_width_percent=\u00a0\u00bb100&Prime; shift_y=\u00a0\u00bb0&Prime; z_index=\u00a0\u00bb0&Prime; desktop_visibility=\u00a0\u00bbyes\u00a0\u00bb medium_visibility=\u00a0\u00bbyes\u00a0\u00bb el_class=\u00a0\u00bbneunerblock_top no_bottom\u00a0\u00bb css=\u00a0\u00bb.vc_custom_1612431520156{margin-top: 0px !important;margin-bottom: -7px !important;padding-top: 0px !important;padding-bottom: 0px !important;}\u00a0\u00bb][vc_column column_width_percent=\u00a0\u00bb100&Prime; gutter_size=\u00a0\u00bb3&Prime; overlay_alpha=\u00a0\u00bb50&Prime; shift_x=\u00a0\u00bb0&Prime; shift_y=\u00a0\u00bb0&Prime; shift_y_down=\u00a0\u00bb0&Prime; z_index=\u00a0\u00bb0&Prime; medium_width=\u00a0\u00bb0&Prime; mobile_width=\u00a0\u00bb0&Prime; width=\u00a0\u00bb1\/1&Prime; el_class=\u00a0\u00bbno_bottom\u00a0\u00bb][\/vc_column][\/vc_row]<\/p>\n<\/div>","protected":false},"excerpt":{"rendered":"<p>[vc_row row_height_percent=\u00a0\u00bb0&Prime; override_padding=\u00a0\u00bbyes\u00a0\u00bb h_padding=\u00a0\u00bb2&Prime; top_padding=\u00a0\u00bb0&Prime; bottom_padding=\u00a0\u00bb0&Prime; overlay_alpha=\u00a0\u00bb50&Prime; gutter_size=\u00a0\u00bb3&Prime; column_width_percent=\u00a0\u00bb100&Prime; shift_y=\u00a0\u00bb0&Prime; z_index=\u00a0\u00bb0&Prime; desktop_visibility=\u00a0\u00bbyes\u00a0\u00bb medium_visibility=\u00a0\u00bbyes\u00a0\u00bb el_class=\u00a0\u00bbneunerblock_top no_bottom\u00a0\u00bb css=\u00a0\u00bb.vc_custom_1609777159931{margin-top: -6px !important;margin-bottom: -14px !important;padding-top: [&hellip;]<\/p>\n","protected":false},"author":1,"featured_media":1201,"parent":2581,"menu_order":6,"comment_status":"closed","ping_status":"closed","template":"","meta":{"footnotes":""},"class_list":["post-131","page","type-page","status-publish","has-post-thumbnail","hentry"],"yoast_head":"<!-- This site is optimized with the Yoast SEO plugin v27.4 - https:\/\/yoast.com\/product\/yoast-seo-wordpress\/ -->\n<title>Interlocuteurs &#8211; Farner\u2019s<\/title>\n<meta name=\"robots\" content=\"index, follow, max-snippet:-1, max-image-preview:large, max-video-preview:-1\" \/>\n<link rel=\"canonical\" href=\"https:\/\/farners.ch\/fr\/entreprise\/interlocuteurs\/\" \/>\n<meta property=\"og:locale\" content=\"fr_FR\" \/>\n<meta property=\"og:type\" content=\"article\" \/>\n<meta property=\"og:title\" content=\"Interlocuteurs &#8211; Farner\u2019s\" \/>\n<meta property=\"og:description\" content=\"[vc_row row_height_percent=\u00a0\u00bb0&Prime; override_padding=\u00a0\u00bbyes\u00a0\u00bb h_padding=\u00a0\u00bb2&Prime; top_padding=\u00a0\u00bb0&Prime; bottom_padding=\u00a0\u00bb0&Prime; overlay_alpha=\u00a0\u00bb50&Prime; gutter_size=\u00a0\u00bb3&Prime; column_width_percent=\u00a0\u00bb100&Prime; shift_y=\u00a0\u00bb0&Prime; z_index=\u00a0\u00bb0&Prime; desktop_visibility=\u00a0\u00bbyes\u00a0\u00bb medium_visibility=\u00a0\u00bbyes\u00a0\u00bb el_class=\u00a0\u00bbneunerblock_top no_bottom\u00a0\u00bb css=\u00a0\u00bb.vc_custom_1609777159931{margin-top: -6px !important;margin-bottom: -14px !important;padding-top: [&hellip;]\" \/>\n<meta property=\"og:url\" content=\"https:\/\/farners.ch\/fr\/entreprise\/interlocuteurs\/\" \/>\n<meta property=\"og:site_name\" content=\"Farner\u2019s\" \/>\n<meta property=\"article:modified_time\" content=\"2024-04-16T07:12:25+00:00\" \/>\n<meta property=\"og:image\" content=\"https:\/\/farners.ch\/wp-content\/uploads\/2021\/01\/banner_aprikosen-scaled.jpg\" \/>\n\t<meta property=\"og:image:width\" content=\"2560\" \/>\n\t<meta property=\"og:image:height\" content=\"384\" \/>\n\t<meta property=\"og:image:type\" content=\"image\/jpeg\" \/>\n<meta name=\"twitter:card\" content=\"summary_large_image\" \/>\n<meta name=\"twitter:label1\" content=\"Dur\u00e9e de lecture estim\u00e9e\" \/>\n\t<meta name=\"twitter:data1\" content=\"3 minutes\" \/>\n<script type=\"application\/ld+json\" class=\"yoast-schema-graph\">{\"@context\":\"https:\\\/\\\/schema.org\",\"@graph\":[{\"@type\":\"WebPage\",\"@id\":\"https:\\\/\\\/farners.ch\\\/fr\\\/entreprise\\\/interlocuteurs\\\/\",\"url\":\"https:\\\/\\\/farners.ch\\\/fr\\\/entreprise\\\/interlocuteurs\\\/\",\"name\":\"Interlocuteurs &#8211; Farner\u2019s\",\"isPartOf\":{\"@id\":\"https:\\\/\\\/farners.ch\\\/fr\\\/#website\"},\"primaryImageOfPage\":{\"@id\":\"https:\\\/\\\/farners.ch\\\/fr\\\/entreprise\\\/interlocuteurs\\\/#primaryimage\"},\"image\":{\"@id\":\"https:\\\/\\\/farners.ch\\\/fr\\\/entreprise\\\/interlocuteurs\\\/#primaryimage\"},\"thumbnailUrl\":\"https:\\\/\\\/farners.ch\\\/wp-content\\\/uploads\\\/2021\\\/01\\\/banner_aprikosen-scaled.jpg\",\"datePublished\":\"2020-12-18T15:55:31+00:00\",\"dateModified\":\"2024-04-16T07:12:25+00:00\",\"breadcrumb\":{\"@id\":\"https:\\\/\\\/farners.ch\\\/fr\\\/entreprise\\\/interlocuteurs\\\/#breadcrumb\"},\"inLanguage\":\"fr-FR\",\"potentialAction\":[{\"@type\":\"ReadAction\",\"target\":[\"https:\\\/\\\/farners.ch\\\/fr\\\/entreprise\\\/interlocuteurs\\\/\"]}]},{\"@type\":\"ImageObject\",\"inLanguage\":\"fr-FR\",\"@id\":\"https:\\\/\\\/farners.ch\\\/fr\\\/entreprise\\\/interlocuteurs\\\/#primaryimage\",\"url\":\"https:\\\/\\\/farners.ch\\\/wp-content\\\/uploads\\\/2021\\\/01\\\/banner_aprikosen-scaled.jpg\",\"contentUrl\":\"https:\\\/\\\/farners.ch\\\/wp-content\\\/uploads\\\/2021\\\/01\\\/banner_aprikosen-scaled.jpg\",\"width\":2560,\"height\":384,\"caption\":\"Aprikosen\"},{\"@type\":\"BreadcrumbList\",\"@id\":\"https:\\\/\\\/farners.ch\\\/fr\\\/entreprise\\\/interlocuteurs\\\/#breadcrumb\",\"itemListElement\":[{\"@type\":\"ListItem\",\"position\":1,\"name\":\"Startseite\",\"item\":\"https:\\\/\\\/farners.ch\\\/fr\\\/\"},{\"@type\":\"ListItem\",\"position\":2,\"name\":\"Entreprise\",\"item\":\"https:\\\/\\\/farners.ch\\\/fr\\\/entreprise\\\/\"},{\"@type\":\"ListItem\",\"position\":3,\"name\":\"Interlocuteurs\"}]},{\"@type\":\"WebSite\",\"@id\":\"https:\\\/\\\/farners.ch\\\/fr\\\/#website\",\"url\":\"https:\\\/\\\/farners.ch\\\/fr\\\/\",\"name\":\"Farner\u2019s\",\"description\":\"Agrarhandel\",\"publisher\":{\"@id\":\"https:\\\/\\\/farners.ch\\\/fr\\\/#organization\"},\"potentialAction\":[{\"@type\":\"SearchAction\",\"target\":{\"@type\":\"EntryPoint\",\"urlTemplate\":\"https:\\\/\\\/farners.ch\\\/fr\\\/?s={search_term_string}\"},\"query-input\":{\"@type\":\"PropertyValueSpecification\",\"valueRequired\":true,\"valueName\":\"search_term_string\"}}],\"inLanguage\":\"fr-FR\"},{\"@type\":\"Organization\",\"@id\":\"https:\\\/\\\/farners.ch\\\/fr\\\/#organization\",\"name\":\"Farner\u2019s\",\"url\":\"https:\\\/\\\/farners.ch\\\/fr\\\/\",\"logo\":{\"@type\":\"ImageObject\",\"inLanguage\":\"fr-FR\",\"@id\":\"https:\\\/\\\/farners.ch\\\/fr\\\/#\\\/schema\\\/logo\\\/image\\\/\",\"url\":\"https:\\\/\\\/farners.ch\\\/wp-content\\\/uploads\\\/2020\\\/12\\\/farners_logo_positiv.png\",\"contentUrl\":\"https:\\\/\\\/farners.ch\\\/wp-content\\\/uploads\\\/2020\\\/12\\\/farners_logo_positiv.png\",\"width\":318,\"height\":86,\"caption\":\"Farner\u2019s\"},\"image\":{\"@id\":\"https:\\\/\\\/farners.ch\\\/fr\\\/#\\\/schema\\\/logo\\\/image\\\/\"}}]}<\/script>\n<!-- \/ Yoast SEO plugin. -->","yoast_head_json":{"title":"Interlocuteurs &#8211; Farner\u2019s","robots":{"index":"index","follow":"follow","max-snippet":"max-snippet:-1","max-image-preview":"max-image-preview:large","max-video-preview":"max-video-preview:-1"},"canonical":"https:\/\/farners.ch\/fr\/entreprise\/interlocuteurs\/","og_locale":"fr_FR","og_type":"article","og_title":"Interlocuteurs &#8211; Farner\u2019s","og_description":"[vc_row row_height_percent=\u00a0\u00bb0&Prime; override_padding=\u00a0\u00bbyes\u00a0\u00bb h_padding=\u00a0\u00bb2&Prime; top_padding=\u00a0\u00bb0&Prime; bottom_padding=\u00a0\u00bb0&Prime; overlay_alpha=\u00a0\u00bb50&Prime; gutter_size=\u00a0\u00bb3&Prime; column_width_percent=\u00a0\u00bb100&Prime; shift_y=\u00a0\u00bb0&Prime; z_index=\u00a0\u00bb0&Prime; desktop_visibility=\u00a0\u00bbyes\u00a0\u00bb medium_visibility=\u00a0\u00bbyes\u00a0\u00bb el_class=\u00a0\u00bbneunerblock_top no_bottom\u00a0\u00bb css=\u00a0\u00bb.vc_custom_1609777159931{margin-top: -6px !important;margin-bottom: -14px !important;padding-top: [&hellip;]","og_url":"https:\/\/farners.ch\/fr\/entreprise\/interlocuteurs\/","og_site_name":"Farner\u2019s","article_modified_time":"2024-04-16T07:12:25+00:00","og_image":[{"width":2560,"height":384,"url":"https:\/\/farners.ch\/wp-content\/uploads\/2021\/01\/banner_aprikosen-scaled.jpg","type":"image\/jpeg"}],"twitter_card":"summary_large_image","twitter_misc":{"Dur\u00e9e de lecture estim\u00e9e":"3 minutes"},"schema":{"@context":"https:\/\/schema.org","@graph":[{"@type":"WebPage","@id":"https:\/\/farners.ch\/fr\/entreprise\/interlocuteurs\/","url":"https:\/\/farners.ch\/fr\/entreprise\/interlocuteurs\/","name":"Interlocuteurs &#8211; Farner\u2019s","isPartOf":{"@id":"https:\/\/farners.ch\/fr\/#website"},"primaryImageOfPage":{"@id":"https:\/\/farners.ch\/fr\/entreprise\/interlocuteurs\/#primaryimage"},"image":{"@id":"https:\/\/farners.ch\/fr\/entreprise\/interlocuteurs\/#primaryimage"},"thumbnailUrl":"https:\/\/farners.ch\/wp-content\/uploads\/2021\/01\/banner_aprikosen-scaled.jpg","datePublished":"2020-12-18T15:55:31+00:00","dateModified":"2024-04-16T07:12:25+00:00","breadcrumb":{"@id":"https:\/\/farners.ch\/fr\/entreprise\/interlocuteurs\/#breadcrumb"},"inLanguage":"fr-FR","potentialAction":[{"@type":"ReadAction","target":["https:\/\/farners.ch\/fr\/entreprise\/interlocuteurs\/"]}]},{"@type":"ImageObject","inLanguage":"fr-FR","@id":"https:\/\/farners.ch\/fr\/entreprise\/interlocuteurs\/#primaryimage","url":"https:\/\/farners.ch\/wp-content\/uploads\/2021\/01\/banner_aprikosen-scaled.jpg","contentUrl":"https:\/\/farners.ch\/wp-content\/uploads\/2021\/01\/banner_aprikosen-scaled.jpg","width":2560,"height":384,"caption":"Aprikosen"},{"@type":"BreadcrumbList","@id":"https:\/\/farners.ch\/fr\/entreprise\/interlocuteurs\/#breadcrumb","itemListElement":[{"@type":"ListItem","position":1,"name":"Startseite","item":"https:\/\/farners.ch\/fr\/"},{"@type":"ListItem","position":2,"name":"Entreprise","item":"https:\/\/farners.ch\/fr\/entreprise\/"},{"@type":"ListItem","position":3,"name":"Interlocuteurs"}]},{"@type":"WebSite","@id":"https:\/\/farners.ch\/fr\/#website","url":"https:\/\/farners.ch\/fr\/","name":"Farner\u2019s","description":"Agrarhandel","publisher":{"@id":"https:\/\/farners.ch\/fr\/#organization"},"potentialAction":[{"@type":"SearchAction","target":{"@type":"EntryPoint","urlTemplate":"https:\/\/farners.ch\/fr\/?s={search_term_string}"},"query-input":{"@type":"PropertyValueSpecification","valueRequired":true,"valueName":"search_term_string"}}],"inLanguage":"fr-FR"},{"@type":"Organization","@id":"https:\/\/farners.ch\/fr\/#organization","name":"Farner\u2019s","url":"https:\/\/farners.ch\/fr\/","logo":{"@type":"ImageObject","inLanguage":"fr-FR","@id":"https:\/\/farners.ch\/fr\/#\/schema\/logo\/image\/","url":"https:\/\/farners.ch\/wp-content\/uploads\/2020\/12\/farners_logo_positiv.png","contentUrl":"https:\/\/farners.ch\/wp-content\/uploads\/2020\/12\/farners_logo_positiv.png","width":318,"height":86,"caption":"Farner\u2019s"},"image":{"@id":"https:\/\/farners.ch\/fr\/#\/schema\/logo\/image\/"}}]}},"_links":{"self":[{"href":"https:\/\/farners.ch\/fr\/wp-json\/wp\/v2\/pages\/131","targetHints":{"allow":["GET"]}}],"collection":[{"href":"https:\/\/farners.ch\/fr\/wp-json\/wp\/v2\/pages"}],"about":[{"href":"https:\/\/farners.ch\/fr\/wp-json\/wp\/v2\/types\/page"}],"author":[{"embeddable":true,"href":"https:\/\/farners.ch\/fr\/wp-json\/wp\/v2\/users\/1"}],"replies":[{"embeddable":true,"href":"https:\/\/farners.ch\/fr\/wp-json\/wp\/v2\/comments?post=131"}],"version-history":[{"count":65,"href":"https:\/\/farners.ch\/fr\/wp-json\/wp\/v2\/pages\/131\/revisions"}],"predecessor-version":[{"id":3461,"href":"https:\/\/farners.ch\/fr\/wp-json\/wp\/v2\/pages\/131\/revisions\/3461"}],"up":[{"embeddable":true,"href":"https:\/\/farners.ch\/fr\/wp-json\/wp\/v2\/pages\/2581"}],"wp:featuredmedia":[{"embeddable":true,"href":"https:\/\/farners.ch\/fr\/wp-json\/wp\/v2\/media\/1201"}],"wp:attachment":[{"href":"https:\/\/farners.ch\/fr\/wp-json\/wp\/v2\/media?parent=131"}],"curies":[{"name":"wp","href":"https:\/\/api.w.org\/{rel}","templated":true}]}}