{"id":2409,"date":"2021-01-13T15:07:53","date_gmt":"2021-01-13T15:07:53","guid":{"rendered":"https:\/\/farners.ch\/produkt\/zwetschgenschnaps\/"},"modified":"2021-02-17T08:54:52","modified_gmt":"2021-02-17T08:54:52","slug":"zwetschgenschnaps","status":"publish","type":"product","link":"https:\/\/farners.ch\/fr\/produit\/zwetschgenschnaps\/","title":{"rendered":"Eau-de-vie de pruneaux"},"content":{"rendered":"","protected":false},"excerpt":{"rendered":"<p>Une eau-de-vie de qualit\u00e9 produite avec soin. Le go\u00fbt typiquement fruit\u00e9 du pruneau Fellenberg flatte le palais et provoque du plaisir. Id\u00e9al comme \u00ab petit digestif \u00bb, comme caf\u00e9 maison avec de la cr\u00e8me ou pour parfumer un dessert. Dans une bouteille fine et \u00e9l\u00e9gante.<\/p>\n<p>5 dl, 40 Vol. %<\/p>\n","protected":false},"featured_media":2477,"template":"","meta":[],"product_brand":[],"product_cat":[28],"product_tag":[],"class_list":{"0":"post-2409","1":"product","2":"type-product","3":"status-publish","4":"has-post-thumbnail","6":"product_cat-unkategorisiert-fr","8":"first","9":"instock","10":"shipping-taxable","11":"purchasable","12":"product-type-simple"},"yoast_head":"<!-- This site is optimized with the Yoast SEO plugin v27.5 - https:\/\/yoast.com\/product\/yoast-seo-wordpress\/ -->\n<title>Eau-de-vie de pruneaux &#8211; Farner\u2019s<\/title>\n<meta name=\"robots\" content=\"index, follow, max-snippet:-1, max-image-preview:large, max-video-preview:-1\" \/>\n<link rel=\"canonical\" href=\"https:\/\/farners.ch\/fr\/produit\/zwetschgenschnaps\/\" \/>\n<meta property=\"og:locale\" content=\"fr_FR\" \/>\n<meta property=\"og:type\" content=\"article\" \/>\n<meta property=\"og:title\" content=\"Eau-de-vie de pruneaux &#8211; Farner\u2019s\" \/>\n<meta property=\"og:description\" content=\"Une eau-de-vie de qualit\u00e9 produite avec soin. Le go\u00fbt typiquement fruit\u00e9 du pruneau Fellenberg flatte le palais et provoque du plaisir. Id\u00e9al comme \u00ab petit digestif \u00bb, comme caf\u00e9 maison avec de la cr\u00e8me ou pour parfumer un dessert. Dans une bouteille fine et \u00e9l\u00e9gante.  5 dl, 40 Vol. %\" \/>\n<meta property=\"og:url\" content=\"https:\/\/farners.ch\/fr\/produit\/zwetschgenschnaps\/\" \/>\n<meta property=\"og:site_name\" content=\"Farner\u2019s\" \/>\n<meta property=\"article:modified_time\" content=\"2021-02-17T08:54:52+00:00\" \/>\n<meta property=\"og:image\" content=\"https:\/\/farners.ch\/wp-content\/uploads\/2021\/02\/zwetschgen_.jpg\" \/>\n\t<meta property=\"og:image:width\" content=\"542\" \/>\n\t<meta property=\"og:image:height\" content=\"1100\" \/>\n\t<meta property=\"og:image:type\" content=\"image\/jpeg\" \/>\n<meta name=\"twitter:card\" content=\"summary_large_image\" \/>\n<script type=\"application\/ld+json\" class=\"yoast-schema-graph\">{\"@context\":\"https:\\\/\\\/schema.org\",\"@graph\":[{\"@type\":\"WebPage\",\"@id\":\"https:\\\/\\\/farners.ch\\\/fr\\\/produit\\\/zwetschgenschnaps\\\/\",\"url\":\"https:\\\/\\\/farners.ch\\\/fr\\\/produit\\\/zwetschgenschnaps\\\/\",\"name\":\"Eau-de-vie de pruneaux &#8211; Farner\u2019s\",\"isPartOf\":{\"@id\":\"https:\\\/\\\/farners.ch\\\/fr\\\/#website\"},\"primaryImageOfPage\":{\"@id\":\"https:\\\/\\\/farners.ch\\\/fr\\\/produit\\\/zwetschgenschnaps\\\/#primaryimage\"},\"image\":{\"@id\":\"https:\\\/\\\/farners.ch\\\/fr\\\/produit\\\/zwetschgenschnaps\\\/#primaryimage\"},\"thumbnailUrl\":\"https:\\\/\\\/farners.ch\\\/wp-content\\\/uploads\\\/2021\\\/02\\\/zwetschgen_.jpg\",\"datePublished\":\"2021-01-13T15:07:53+00:00\",\"dateModified\":\"2021-02-17T08:54:52+00:00\",\"breadcrumb\":{\"@id\":\"https:\\\/\\\/farners.ch\\\/fr\\\/produit\\\/zwetschgenschnaps\\\/#breadcrumb\"},\"inLanguage\":\"fr-FR\",\"potentialAction\":[{\"@type\":\"ReadAction\",\"target\":[\"https:\\\/\\\/farners.ch\\\/fr\\\/produit\\\/zwetschgenschnaps\\\/\"]}]},{\"@type\":\"ImageObject\",\"inLanguage\":\"fr-FR\",\"@id\":\"https:\\\/\\\/farners.ch\\\/fr\\\/produit\\\/zwetschgenschnaps\\\/#primaryimage\",\"url\":\"https:\\\/\\\/farners.ch\\\/wp-content\\\/uploads\\\/2021\\\/02\\\/zwetschgen_.jpg\",\"contentUrl\":\"https:\\\/\\\/farners.ch\\\/wp-content\\\/uploads\\\/2021\\\/02\\\/zwetschgen_.jpg\",\"width\":542,\"height\":1100,\"caption\":\"Zwetschgenschnaps\"},{\"@type\":\"BreadcrumbList\",\"@id\":\"https:\\\/\\\/farners.ch\\\/fr\\\/produit\\\/zwetschgenschnaps\\\/#breadcrumb\",\"itemListElement\":[{\"@type\":\"ListItem\",\"position\":1,\"name\":\"Startseite\",\"item\":\"https:\\\/\\\/farners.ch\\\/fr\\\/\"},{\"@type\":\"ListItem\",\"position\":2,\"name\":\"Produits et boissons\",\"item\":\"https:\\\/\\\/farners.ch\\\/fr\\\/produits-boissons\\\/\"},{\"@type\":\"ListItem\",\"position\":3,\"name\":\"Eau-de-vie de pruneaux\"}]},{\"@type\":\"WebSite\",\"@id\":\"https:\\\/\\\/farners.ch\\\/fr\\\/#website\",\"url\":\"https:\\\/\\\/farners.ch\\\/fr\\\/\",\"name\":\"Farner\u2019s\",\"description\":\"Agrarhandel\",\"publisher\":{\"@id\":\"https:\\\/\\\/farners.ch\\\/fr\\\/#organization\"},\"potentialAction\":[{\"@type\":\"SearchAction\",\"target\":{\"@type\":\"EntryPoint\",\"urlTemplate\":\"https:\\\/\\\/farners.ch\\\/fr\\\/?s={search_term_string}\"},\"query-input\":{\"@type\":\"PropertyValueSpecification\",\"valueRequired\":true,\"valueName\":\"search_term_string\"}}],\"inLanguage\":\"fr-FR\"},{\"@type\":\"Organization\",\"@id\":\"https:\\\/\\\/farners.ch\\\/fr\\\/#organization\",\"name\":\"Farner\u2019s\",\"url\":\"https:\\\/\\\/farners.ch\\\/fr\\\/\",\"logo\":{\"@type\":\"ImageObject\",\"inLanguage\":\"fr-FR\",\"@id\":\"https:\\\/\\\/farners.ch\\\/fr\\\/#\\\/schema\\\/logo\\\/image\\\/\",\"url\":\"https:\\\/\\\/farners.ch\\\/wp-content\\\/uploads\\\/2020\\\/12\\\/farners_logo_positiv.png\",\"contentUrl\":\"https:\\\/\\\/farners.ch\\\/wp-content\\\/uploads\\\/2020\\\/12\\\/farners_logo_positiv.png\",\"width\":318,\"height\":86,\"caption\":\"Farner\u2019s\"},\"image\":{\"@id\":\"https:\\\/\\\/farners.ch\\\/fr\\\/#\\\/schema\\\/logo\\\/image\\\/\"}}]}<\/script>\n<!-- \/ Yoast SEO plugin. -->","yoast_head_json":{"title":"Eau-de-vie de pruneaux &#8211; Farner\u2019s","robots":{"index":"index","follow":"follow","max-snippet":"max-snippet:-1","max-image-preview":"max-image-preview:large","max-video-preview":"max-video-preview:-1"},"canonical":"https:\/\/farners.ch\/fr\/produit\/zwetschgenschnaps\/","og_locale":"fr_FR","og_type":"article","og_title":"Eau-de-vie de pruneaux &#8211; Farner\u2019s","og_description":"Une eau-de-vie de qualit\u00e9 produite avec soin. Le go\u00fbt typiquement fruit\u00e9 du pruneau Fellenberg flatte le palais et provoque du plaisir. Id\u00e9al comme \u00ab petit digestif \u00bb, comme caf\u00e9 maison avec de la cr\u00e8me ou pour parfumer un dessert. Dans une bouteille fine et \u00e9l\u00e9gante.  5 dl, 40 Vol. %","og_url":"https:\/\/farners.ch\/fr\/produit\/zwetschgenschnaps\/","og_site_name":"Farner\u2019s","article_modified_time":"2021-02-17T08:54:52+00:00","og_image":[{"width":542,"height":1100,"url":"https:\/\/farners.ch\/wp-content\/uploads\/2021\/02\/zwetschgen_.jpg","type":"image\/jpeg"}],"twitter_card":"summary_large_image","schema":{"@context":"https:\/\/schema.org","@graph":[{"@type":"WebPage","@id":"https:\/\/farners.ch\/fr\/produit\/zwetschgenschnaps\/","url":"https:\/\/farners.ch\/fr\/produit\/zwetschgenschnaps\/","name":"Eau-de-vie de pruneaux &#8211; Farner\u2019s","isPartOf":{"@id":"https:\/\/farners.ch\/fr\/#website"},"primaryImageOfPage":{"@id":"https:\/\/farners.ch\/fr\/produit\/zwetschgenschnaps\/#primaryimage"},"image":{"@id":"https:\/\/farners.ch\/fr\/produit\/zwetschgenschnaps\/#primaryimage"},"thumbnailUrl":"https:\/\/farners.ch\/wp-content\/uploads\/2021\/02\/zwetschgen_.jpg","datePublished":"2021-01-13T15:07:53+00:00","dateModified":"2021-02-17T08:54:52+00:00","breadcrumb":{"@id":"https:\/\/farners.ch\/fr\/produit\/zwetschgenschnaps\/#breadcrumb"},"inLanguage":"fr-FR","potentialAction":[{"@type":"ReadAction","target":["https:\/\/farners.ch\/fr\/produit\/zwetschgenschnaps\/"]}]},{"@type":"ImageObject","inLanguage":"fr-FR","@id":"https:\/\/farners.ch\/fr\/produit\/zwetschgenschnaps\/#primaryimage","url":"https:\/\/farners.ch\/wp-content\/uploads\/2021\/02\/zwetschgen_.jpg","contentUrl":"https:\/\/farners.ch\/wp-content\/uploads\/2021\/02\/zwetschgen_.jpg","width":542,"height":1100,"caption":"Zwetschgenschnaps"},{"@type":"BreadcrumbList","@id":"https:\/\/farners.ch\/fr\/produit\/zwetschgenschnaps\/#breadcrumb","itemListElement":[{"@type":"ListItem","position":1,"name":"Startseite","item":"https:\/\/farners.ch\/fr\/"},{"@type":"ListItem","position":2,"name":"Produits et boissons","item":"https:\/\/farners.ch\/fr\/produits-boissons\/"},{"@type":"ListItem","position":3,"name":"Eau-de-vie de pruneaux"}]},{"@type":"WebSite","@id":"https:\/\/farners.ch\/fr\/#website","url":"https:\/\/farners.ch\/fr\/","name":"Farner\u2019s","description":"Agrarhandel","publisher":{"@id":"https:\/\/farners.ch\/fr\/#organization"},"potentialAction":[{"@type":"SearchAction","target":{"@type":"EntryPoint","urlTemplate":"https:\/\/farners.ch\/fr\/?s={search_term_string}"},"query-input":{"@type":"PropertyValueSpecification","valueRequired":true,"valueName":"search_term_string"}}],"inLanguage":"fr-FR"},{"@type":"Organization","@id":"https:\/\/farners.ch\/fr\/#organization","name":"Farner\u2019s","url":"https:\/\/farners.ch\/fr\/","logo":{"@type":"ImageObject","inLanguage":"fr-FR","@id":"https:\/\/farners.ch\/fr\/#\/schema\/logo\/image\/","url":"https:\/\/farners.ch\/wp-content\/uploads\/2020\/12\/farners_logo_positiv.png","contentUrl":"https:\/\/farners.ch\/wp-content\/uploads\/2020\/12\/farners_logo_positiv.png","width":318,"height":86,"caption":"Farner\u2019s"},"image":{"@id":"https:\/\/farners.ch\/fr\/#\/schema\/logo\/image\/"}}]}},"_links":{"self":[{"href":"https:\/\/farners.ch\/fr\/wp-json\/wp\/v2\/product\/2409","targetHints":{"allow":["GET"]}}],"collection":[{"href":"https:\/\/farners.ch\/fr\/wp-json\/wp\/v2\/product"}],"about":[{"href":"https:\/\/farners.ch\/fr\/wp-json\/wp\/v2\/types\/product"}],"wp:featuredmedia":[{"embeddable":true,"href":"https:\/\/farners.ch\/fr\/wp-json\/wp\/v2\/media\/2477"}],"wp:attachment":[{"href":"https:\/\/farners.ch\/fr\/wp-json\/wp\/v2\/media?parent=2409"}],"wp:term":[{"taxonomy":"product_brand","embeddable":true,"href":"https:\/\/farners.ch\/fr\/wp-json\/wp\/v2\/product_brand?post=2409"},{"taxonomy":"product_cat","embeddable":true,"href":"https:\/\/farners.ch\/fr\/wp-json\/wp\/v2\/product_cat?post=2409"},{"taxonomy":"product_tag","embeddable":true,"href":"https:\/\/farners.ch\/fr\/wp-json\/wp\/v2\/product_tag?post=2409"}],"curies":[{"name":"wp","href":"https:\/\/api.w.org\/{rel}","templated":true}]}}