{"id":2410,"date":"2021-01-12T16:46:42","date_gmt":"2021-01-12T16:46:42","guid":{"rendered":"https:\/\/farners.ch\/produkt\/blauburgunder-tannerhalde\/"},"modified":"2021-02-17T08:55:52","modified_gmt":"2021-02-17T08:55:52","slug":"blauburgunder-tannerhalde","status":"publish","type":"product","link":"https:\/\/farners.ch\/fr\/produit\/blauburgunder-tannerhalde\/","title":{"rendered":"Pinot noir Tannerhalde"},"content":{"rendered":"","protected":false},"excerpt":{"rendered":"<p>Couleur rouge cerise intense, au nez parfum fruit\u00e9 de framboises et de baies des bois. Vin \u00e9quilibr\u00e9 et bien structur\u00e9 avec un potentiel tannique prometteur et un ar\u00f4me durable. Vignoble \u00e0 Tannerhalde Oberstammheim, vignifi\u00e9 par la famille Glesti, Oberstammheim.<\/p>\n<p>5 dl<\/p>\n","protected":false},"featured_media":1623,"template":"","meta":[],"product_brand":[],"product_cat":[28],"product_tag":[],"class_list":{"0":"post-2410","1":"product","2":"type-product","3":"status-publish","4":"has-post-thumbnail","6":"product_cat-unkategorisiert-fr","8":"first","9":"instock","10":"shipping-taxable","11":"purchasable","12":"product-type-simple"},"yoast_head":"<!-- This site is optimized with the Yoast SEO plugin v27.4 - https:\/\/yoast.com\/product\/yoast-seo-wordpress\/ -->\n<title>Pinot noir Tannerhalde &#8211; Farner\u2019s<\/title>\n<meta name=\"robots\" content=\"index, follow, max-snippet:-1, max-image-preview:large, max-video-preview:-1\" \/>\n<link rel=\"canonical\" href=\"https:\/\/farners.ch\/fr\/produit\/blauburgunder-tannerhalde\/\" \/>\n<meta property=\"og:locale\" content=\"fr_FR\" \/>\n<meta property=\"og:type\" content=\"article\" \/>\n<meta property=\"og:title\" content=\"Pinot noir Tannerhalde &#8211; Farner\u2019s\" \/>\n<meta property=\"og:description\" content=\"Couleur rouge cerise intense, au nez parfum fruit\u00e9 de framboises et de baies des bois. Vin \u00e9quilibr\u00e9 et bien structur\u00e9 avec un potentiel tannique prometteur et un ar\u00f4me durable. Vignoble \u00e0 Tannerhalde Oberstammheim, vignifi\u00e9 par la famille Glesti, Oberstammheim.  5 dl\" \/>\n<meta property=\"og:url\" content=\"https:\/\/farners.ch\/fr\/produit\/blauburgunder-tannerhalde\/\" \/>\n<meta property=\"og:site_name\" content=\"Farner\u2019s\" \/>\n<meta property=\"article:modified_time\" content=\"2021-02-17T08:55:52+00:00\" \/>\n<meta property=\"og:image\" content=\"https:\/\/farners.ch\/wp-content\/uploads\/2021\/01\/pinot-noir-mit-glas.jpg\" \/>\n\t<meta property=\"og:image:width\" content=\"542\" \/>\n\t<meta property=\"og:image:height\" content=\"1100\" \/>\n\t<meta property=\"og:image:type\" content=\"image\/jpeg\" \/>\n<meta name=\"twitter:card\" content=\"summary_large_image\" \/>\n<script type=\"application\/ld+json\" class=\"yoast-schema-graph\">{\"@context\":\"https:\\\/\\\/schema.org\",\"@graph\":[{\"@type\":\"WebPage\",\"@id\":\"https:\\\/\\\/farners.ch\\\/fr\\\/produit\\\/blauburgunder-tannerhalde\\\/\",\"url\":\"https:\\\/\\\/farners.ch\\\/fr\\\/produit\\\/blauburgunder-tannerhalde\\\/\",\"name\":\"Pinot noir Tannerhalde &#8211; Farner\u2019s\",\"isPartOf\":{\"@id\":\"https:\\\/\\\/farners.ch\\\/fr\\\/#website\"},\"primaryImageOfPage\":{\"@id\":\"https:\\\/\\\/farners.ch\\\/fr\\\/produit\\\/blauburgunder-tannerhalde\\\/#primaryimage\"},\"image\":{\"@id\":\"https:\\\/\\\/farners.ch\\\/fr\\\/produit\\\/blauburgunder-tannerhalde\\\/#primaryimage\"},\"thumbnailUrl\":\"https:\\\/\\\/farners.ch\\\/wp-content\\\/uploads\\\/2021\\\/01\\\/pinot-noir-mit-glas.jpg\",\"datePublished\":\"2021-01-12T16:46:42+00:00\",\"dateModified\":\"2021-02-17T08:55:52+00:00\",\"breadcrumb\":{\"@id\":\"https:\\\/\\\/farners.ch\\\/fr\\\/produit\\\/blauburgunder-tannerhalde\\\/#breadcrumb\"},\"inLanguage\":\"fr-FR\",\"potentialAction\":[{\"@type\":\"ReadAction\",\"target\":[\"https:\\\/\\\/farners.ch\\\/fr\\\/produit\\\/blauburgunder-tannerhalde\\\/\"]}]},{\"@type\":\"ImageObject\",\"inLanguage\":\"fr-FR\",\"@id\":\"https:\\\/\\\/farners.ch\\\/fr\\\/produit\\\/blauburgunder-tannerhalde\\\/#primaryimage\",\"url\":\"https:\\\/\\\/farners.ch\\\/wp-content\\\/uploads\\\/2021\\\/01\\\/pinot-noir-mit-glas.jpg\",\"contentUrl\":\"https:\\\/\\\/farners.ch\\\/wp-content\\\/uploads\\\/2021\\\/01\\\/pinot-noir-mit-glas.jpg\",\"width\":542,\"height\":1100,\"caption\":\"Pinot Noir mit Glas@fr\"},{\"@type\":\"BreadcrumbList\",\"@id\":\"https:\\\/\\\/farners.ch\\\/fr\\\/produit\\\/blauburgunder-tannerhalde\\\/#breadcrumb\",\"itemListElement\":[{\"@type\":\"ListItem\",\"position\":1,\"name\":\"Startseite\",\"item\":\"https:\\\/\\\/farners.ch\\\/fr\\\/\"},{\"@type\":\"ListItem\",\"position\":2,\"name\":\"Produits et boissons\",\"item\":\"https:\\\/\\\/farners.ch\\\/fr\\\/produits-boissons\\\/\"},{\"@type\":\"ListItem\",\"position\":3,\"name\":\"Pinot noir Tannerhalde\"}]},{\"@type\":\"WebSite\",\"@id\":\"https:\\\/\\\/farners.ch\\\/fr\\\/#website\",\"url\":\"https:\\\/\\\/farners.ch\\\/fr\\\/\",\"name\":\"Farner\u2019s\",\"description\":\"Agrarhandel\",\"publisher\":{\"@id\":\"https:\\\/\\\/farners.ch\\\/fr\\\/#organization\"},\"potentialAction\":[{\"@type\":\"SearchAction\",\"target\":{\"@type\":\"EntryPoint\",\"urlTemplate\":\"https:\\\/\\\/farners.ch\\\/fr\\\/?s={search_term_string}\"},\"query-input\":{\"@type\":\"PropertyValueSpecification\",\"valueRequired\":true,\"valueName\":\"search_term_string\"}}],\"inLanguage\":\"fr-FR\"},{\"@type\":\"Organization\",\"@id\":\"https:\\\/\\\/farners.ch\\\/fr\\\/#organization\",\"name\":\"Farner\u2019s\",\"url\":\"https:\\\/\\\/farners.ch\\\/fr\\\/\",\"logo\":{\"@type\":\"ImageObject\",\"inLanguage\":\"fr-FR\",\"@id\":\"https:\\\/\\\/farners.ch\\\/fr\\\/#\\\/schema\\\/logo\\\/image\\\/\",\"url\":\"https:\\\/\\\/farners.ch\\\/wp-content\\\/uploads\\\/2020\\\/12\\\/farners_logo_positiv.png\",\"contentUrl\":\"https:\\\/\\\/farners.ch\\\/wp-content\\\/uploads\\\/2020\\\/12\\\/farners_logo_positiv.png\",\"width\":318,\"height\":86,\"caption\":\"Farner\u2019s\"},\"image\":{\"@id\":\"https:\\\/\\\/farners.ch\\\/fr\\\/#\\\/schema\\\/logo\\\/image\\\/\"}}]}<\/script>\n<!-- \/ Yoast SEO plugin. -->","yoast_head_json":{"title":"Pinot noir Tannerhalde &#8211; Farner\u2019s","robots":{"index":"index","follow":"follow","max-snippet":"max-snippet:-1","max-image-preview":"max-image-preview:large","max-video-preview":"max-video-preview:-1"},"canonical":"https:\/\/farners.ch\/fr\/produit\/blauburgunder-tannerhalde\/","og_locale":"fr_FR","og_type":"article","og_title":"Pinot noir Tannerhalde &#8211; Farner\u2019s","og_description":"Couleur rouge cerise intense, au nez parfum fruit\u00e9 de framboises et de baies des bois. Vin \u00e9quilibr\u00e9 et bien structur\u00e9 avec un potentiel tannique prometteur et un ar\u00f4me durable. Vignoble \u00e0 Tannerhalde Oberstammheim, vignifi\u00e9 par la famille Glesti, Oberstammheim.  5 dl","og_url":"https:\/\/farners.ch\/fr\/produit\/blauburgunder-tannerhalde\/","og_site_name":"Farner\u2019s","article_modified_time":"2021-02-17T08:55:52+00:00","og_image":[{"width":542,"height":1100,"url":"https:\/\/farners.ch\/wp-content\/uploads\/2021\/01\/pinot-noir-mit-glas.jpg","type":"image\/jpeg"}],"twitter_card":"summary_large_image","schema":{"@context":"https:\/\/schema.org","@graph":[{"@type":"WebPage","@id":"https:\/\/farners.ch\/fr\/produit\/blauburgunder-tannerhalde\/","url":"https:\/\/farners.ch\/fr\/produit\/blauburgunder-tannerhalde\/","name":"Pinot noir Tannerhalde &#8211; Farner\u2019s","isPartOf":{"@id":"https:\/\/farners.ch\/fr\/#website"},"primaryImageOfPage":{"@id":"https:\/\/farners.ch\/fr\/produit\/blauburgunder-tannerhalde\/#primaryimage"},"image":{"@id":"https:\/\/farners.ch\/fr\/produit\/blauburgunder-tannerhalde\/#primaryimage"},"thumbnailUrl":"https:\/\/farners.ch\/wp-content\/uploads\/2021\/01\/pinot-noir-mit-glas.jpg","datePublished":"2021-01-12T16:46:42+00:00","dateModified":"2021-02-17T08:55:52+00:00","breadcrumb":{"@id":"https:\/\/farners.ch\/fr\/produit\/blauburgunder-tannerhalde\/#breadcrumb"},"inLanguage":"fr-FR","potentialAction":[{"@type":"ReadAction","target":["https:\/\/farners.ch\/fr\/produit\/blauburgunder-tannerhalde\/"]}]},{"@type":"ImageObject","inLanguage":"fr-FR","@id":"https:\/\/farners.ch\/fr\/produit\/blauburgunder-tannerhalde\/#primaryimage","url":"https:\/\/farners.ch\/wp-content\/uploads\/2021\/01\/pinot-noir-mit-glas.jpg","contentUrl":"https:\/\/farners.ch\/wp-content\/uploads\/2021\/01\/pinot-noir-mit-glas.jpg","width":542,"height":1100,"caption":"Pinot Noir mit Glas@fr"},{"@type":"BreadcrumbList","@id":"https:\/\/farners.ch\/fr\/produit\/blauburgunder-tannerhalde\/#breadcrumb","itemListElement":[{"@type":"ListItem","position":1,"name":"Startseite","item":"https:\/\/farners.ch\/fr\/"},{"@type":"ListItem","position":2,"name":"Produits et boissons","item":"https:\/\/farners.ch\/fr\/produits-boissons\/"},{"@type":"ListItem","position":3,"name":"Pinot noir Tannerhalde"}]},{"@type":"WebSite","@id":"https:\/\/farners.ch\/fr\/#website","url":"https:\/\/farners.ch\/fr\/","name":"Farner\u2019s","description":"Agrarhandel","publisher":{"@id":"https:\/\/farners.ch\/fr\/#organization"},"potentialAction":[{"@type":"SearchAction","target":{"@type":"EntryPoint","urlTemplate":"https:\/\/farners.ch\/fr\/?s={search_term_string}"},"query-input":{"@type":"PropertyValueSpecification","valueRequired":true,"valueName":"search_term_string"}}],"inLanguage":"fr-FR"},{"@type":"Organization","@id":"https:\/\/farners.ch\/fr\/#organization","name":"Farner\u2019s","url":"https:\/\/farners.ch\/fr\/","logo":{"@type":"ImageObject","inLanguage":"fr-FR","@id":"https:\/\/farners.ch\/fr\/#\/schema\/logo\/image\/","url":"https:\/\/farners.ch\/wp-content\/uploads\/2020\/12\/farners_logo_positiv.png","contentUrl":"https:\/\/farners.ch\/wp-content\/uploads\/2020\/12\/farners_logo_positiv.png","width":318,"height":86,"caption":"Farner\u2019s"},"image":{"@id":"https:\/\/farners.ch\/fr\/#\/schema\/logo\/image\/"}}]}},"_links":{"self":[{"href":"https:\/\/farners.ch\/fr\/wp-json\/wp\/v2\/product\/2410","targetHints":{"allow":["GET"]}}],"collection":[{"href":"https:\/\/farners.ch\/fr\/wp-json\/wp\/v2\/product"}],"about":[{"href":"https:\/\/farners.ch\/fr\/wp-json\/wp\/v2\/types\/product"}],"wp:featuredmedia":[{"embeddable":true,"href":"https:\/\/farners.ch\/fr\/wp-json\/wp\/v2\/media\/1623"}],"wp:attachment":[{"href":"https:\/\/farners.ch\/fr\/wp-json\/wp\/v2\/media?parent=2410"}],"wp:term":[{"taxonomy":"product_brand","embeddable":true,"href":"https:\/\/farners.ch\/fr\/wp-json\/wp\/v2\/product_brand?post=2410"},{"taxonomy":"product_cat","embeddable":true,"href":"https:\/\/farners.ch\/fr\/wp-json\/wp\/v2\/product_cat?post=2410"},{"taxonomy":"product_tag","embeddable":true,"href":"https:\/\/farners.ch\/fr\/wp-json\/wp\/v2\/product_tag?post=2410"}],"curies":[{"name":"wp","href":"https:\/\/api.w.org\/{rel}","templated":true}]}}