{"id":2895,"date":"2021-07-20T13:34:52","date_gmt":"2021-07-20T13:34:52","guid":{"rendered":"https:\/\/farners.ch\/produkt\/blanc-de-noir-2020-2\/"},"modified":"2023-01-25T10:20:14","modified_gmt":"2023-01-25T09:20:14","slug":"blanc-de-noir-2020","status":"publish","type":"product","link":"https:\/\/farners.ch\/fr\/produit\/blanc-de-noir-2020\/","title":{"rendered":"Blanc de Noir 2022"},"content":{"rendered":"","protected":false},"excerpt":{"rendered":"<p>Un vin blanc saumon\u00e9 \u00e9labor\u00e9 \u00e0 partir d\u2019un c\u00e9page Pinot Noir. Notre Blanc de Noir s\u00e9duit par son ar\u00f4me fruit\u00e9 et frais qui rappelle la fraise et l\u2019abricot. En bouche, ce vin apporte de la douceur marqu\u00e9e par une acidit\u00e9 rafra\u00eechissante et p\u00e9tillante. L\u2019ar\u00f4me reste longtemps en bouche. Nous recommandons ce vin Blanc de Noir pour l\u2019ap\u00e9ro ou pour accompagner une salade, de la viande blanche ou un dessert fruit\u00e9. Un v\u00e9ritable plaisir lors des chaudes journ\u00e9es d\u2019\u00e9t\u00e9.<\/p>\n<p>5 dl<\/p>\n","protected":false},"featured_media":2888,"template":"","meta":[],"product_brand":[],"product_cat":[28],"product_tag":[],"class_list":{"0":"post-2895","1":"product","2":"type-product","3":"status-publish","4":"has-post-thumbnail","6":"product_cat-unkategorisiert-fr","8":"first","9":"instock","10":"shipping-taxable","11":"purchasable","12":"product-type-simple"},"yoast_head":"<!-- This site is optimized with the Yoast SEO plugin v27.5 - https:\/\/yoast.com\/product\/yoast-seo-wordpress\/ -->\n<title>Blanc de Noir 2022 &#8211; Farner\u2019s<\/title>\n<meta name=\"robots\" content=\"index, follow, max-snippet:-1, max-image-preview:large, max-video-preview:-1\" \/>\n<link rel=\"canonical\" href=\"https:\/\/farners.ch\/fr\/produit\/blanc-de-noir-2020\/\" \/>\n<meta property=\"og:locale\" content=\"fr_FR\" \/>\n<meta property=\"og:type\" content=\"article\" \/>\n<meta property=\"og:title\" content=\"Blanc de Noir 2022 &#8211; Farner\u2019s\" \/>\n<meta property=\"og:description\" content=\"Un vin blanc saumon\u00e9 \u00e9labor\u00e9 \u00e0 partir d\u2019un c\u00e9page Pinot Noir. Notre Blanc de Noir s\u00e9duit par son ar\u00f4me fruit\u00e9 et frais qui rappelle la fraise et l\u2019abricot. En bouche, ce vin apporte de la douceur marqu\u00e9e par une acidit\u00e9 rafra\u00eechissante et p\u00e9tillante. L\u2019ar\u00f4me reste longtemps en bouche. Nous recommandons ce vin Blanc de Noir pour l\u2019ap\u00e9ro ou pour accompagner une salade, de la viande blanche ou un dessert fruit\u00e9. Un v\u00e9ritable plaisir lors des chaudes journ\u00e9es d\u2019\u00e9t\u00e9.  5 dl\" \/>\n<meta property=\"og:url\" content=\"https:\/\/farners.ch\/fr\/produit\/blanc-de-noir-2020\/\" \/>\n<meta property=\"og:site_name\" content=\"Farner\u2019s\" \/>\n<meta property=\"article:modified_time\" content=\"2023-01-25T09:20:14+00:00\" \/>\n<meta property=\"og:image\" content=\"https:\/\/farners.ch\/wp-content\/uploads\/2021\/07\/Farners-Blanc-de-Noir-mit-Glas-sRGB-scaled.jpeg\" \/>\n\t<meta property=\"og:image:width\" content=\"1266\" \/>\n\t<meta property=\"og:image:height\" content=\"2560\" \/>\n\t<meta property=\"og:image:type\" content=\"image\/jpeg\" \/>\n<meta name=\"twitter:card\" content=\"summary_large_image\" \/>\n<script type=\"application\/ld+json\" class=\"yoast-schema-graph\">{\"@context\":\"https:\\\/\\\/schema.org\",\"@graph\":[{\"@type\":\"WebPage\",\"@id\":\"https:\\\/\\\/farners.ch\\\/fr\\\/produit\\\/blanc-de-noir-2020\\\/\",\"url\":\"https:\\\/\\\/farners.ch\\\/fr\\\/produit\\\/blanc-de-noir-2020\\\/\",\"name\":\"Blanc de Noir 2022 &#8211; Farner\u2019s\",\"isPartOf\":{\"@id\":\"https:\\\/\\\/farners.ch\\\/fr\\\/#website\"},\"primaryImageOfPage\":{\"@id\":\"https:\\\/\\\/farners.ch\\\/fr\\\/produit\\\/blanc-de-noir-2020\\\/#primaryimage\"},\"image\":{\"@id\":\"https:\\\/\\\/farners.ch\\\/fr\\\/produit\\\/blanc-de-noir-2020\\\/#primaryimage\"},\"thumbnailUrl\":\"https:\\\/\\\/farners.ch\\\/wp-content\\\/uploads\\\/2021\\\/07\\\/Farners-Blanc-de-Noir-mit-Glas-sRGB-scaled.jpeg\",\"datePublished\":\"2021-07-20T13:34:52+00:00\",\"dateModified\":\"2023-01-25T09:20:14+00:00\",\"breadcrumb\":{\"@id\":\"https:\\\/\\\/farners.ch\\\/fr\\\/produit\\\/blanc-de-noir-2020\\\/#breadcrumb\"},\"inLanguage\":\"fr-FR\",\"potentialAction\":[{\"@type\":\"ReadAction\",\"target\":[\"https:\\\/\\\/farners.ch\\\/fr\\\/produit\\\/blanc-de-noir-2020\\\/\"]}]},{\"@type\":\"ImageObject\",\"inLanguage\":\"fr-FR\",\"@id\":\"https:\\\/\\\/farners.ch\\\/fr\\\/produit\\\/blanc-de-noir-2020\\\/#primaryimage\",\"url\":\"https:\\\/\\\/farners.ch\\\/wp-content\\\/uploads\\\/2021\\\/07\\\/Farners-Blanc-de-Noir-mit-Glas-sRGB-scaled.jpeg\",\"contentUrl\":\"https:\\\/\\\/farners.ch\\\/wp-content\\\/uploads\\\/2021\\\/07\\\/Farners-Blanc-de-Noir-mit-Glas-sRGB-scaled.jpeg\",\"width\":1266,\"height\":2560},{\"@type\":\"BreadcrumbList\",\"@id\":\"https:\\\/\\\/farners.ch\\\/fr\\\/produit\\\/blanc-de-noir-2020\\\/#breadcrumb\",\"itemListElement\":[{\"@type\":\"ListItem\",\"position\":1,\"name\":\"Startseite\",\"item\":\"https:\\\/\\\/farners.ch\\\/fr\\\/\"},{\"@type\":\"ListItem\",\"position\":2,\"name\":\"Produits et boissons\",\"item\":\"https:\\\/\\\/farners.ch\\\/fr\\\/produits-boissons\\\/\"},{\"@type\":\"ListItem\",\"position\":3,\"name\":\"Blanc de Noir 2022\"}]},{\"@type\":\"WebSite\",\"@id\":\"https:\\\/\\\/farners.ch\\\/fr\\\/#website\",\"url\":\"https:\\\/\\\/farners.ch\\\/fr\\\/\",\"name\":\"Farner\u2019s\",\"description\":\"Agrarhandel\",\"publisher\":{\"@id\":\"https:\\\/\\\/farners.ch\\\/fr\\\/#organization\"},\"potentialAction\":[{\"@type\":\"SearchAction\",\"target\":{\"@type\":\"EntryPoint\",\"urlTemplate\":\"https:\\\/\\\/farners.ch\\\/fr\\\/?s={search_term_string}\"},\"query-input\":{\"@type\":\"PropertyValueSpecification\",\"valueRequired\":true,\"valueName\":\"search_term_string\"}}],\"inLanguage\":\"fr-FR\"},{\"@type\":\"Organization\",\"@id\":\"https:\\\/\\\/farners.ch\\\/fr\\\/#organization\",\"name\":\"Farner\u2019s\",\"url\":\"https:\\\/\\\/farners.ch\\\/fr\\\/\",\"logo\":{\"@type\":\"ImageObject\",\"inLanguage\":\"fr-FR\",\"@id\":\"https:\\\/\\\/farners.ch\\\/fr\\\/#\\\/schema\\\/logo\\\/image\\\/\",\"url\":\"https:\\\/\\\/farners.ch\\\/wp-content\\\/uploads\\\/2020\\\/12\\\/farners_logo_positiv.png\",\"contentUrl\":\"https:\\\/\\\/farners.ch\\\/wp-content\\\/uploads\\\/2020\\\/12\\\/farners_logo_positiv.png\",\"width\":318,\"height\":86,\"caption\":\"Farner\u2019s\"},\"image\":{\"@id\":\"https:\\\/\\\/farners.ch\\\/fr\\\/#\\\/schema\\\/logo\\\/image\\\/\"}}]}<\/script>\n<!-- \/ Yoast SEO plugin. -->","yoast_head_json":{"title":"Blanc de Noir 2022 &#8211; Farner\u2019s","robots":{"index":"index","follow":"follow","max-snippet":"max-snippet:-1","max-image-preview":"max-image-preview:large","max-video-preview":"max-video-preview:-1"},"canonical":"https:\/\/farners.ch\/fr\/produit\/blanc-de-noir-2020\/","og_locale":"fr_FR","og_type":"article","og_title":"Blanc de Noir 2022 &#8211; Farner\u2019s","og_description":"Un vin blanc saumon\u00e9 \u00e9labor\u00e9 \u00e0 partir d\u2019un c\u00e9page Pinot Noir. Notre Blanc de Noir s\u00e9duit par son ar\u00f4me fruit\u00e9 et frais qui rappelle la fraise et l\u2019abricot. En bouche, ce vin apporte de la douceur marqu\u00e9e par une acidit\u00e9 rafra\u00eechissante et p\u00e9tillante. L\u2019ar\u00f4me reste longtemps en bouche. Nous recommandons ce vin Blanc de Noir pour l\u2019ap\u00e9ro ou pour accompagner une salade, de la viande blanche ou un dessert fruit\u00e9. Un v\u00e9ritable plaisir lors des chaudes journ\u00e9es d\u2019\u00e9t\u00e9.  5 dl","og_url":"https:\/\/farners.ch\/fr\/produit\/blanc-de-noir-2020\/","og_site_name":"Farner\u2019s","article_modified_time":"2023-01-25T09:20:14+00:00","og_image":[{"width":1266,"height":2560,"url":"https:\/\/farners.ch\/wp-content\/uploads\/2021\/07\/Farners-Blanc-de-Noir-mit-Glas-sRGB-scaled.jpeg","type":"image\/jpeg"}],"twitter_card":"summary_large_image","schema":{"@context":"https:\/\/schema.org","@graph":[{"@type":"WebPage","@id":"https:\/\/farners.ch\/fr\/produit\/blanc-de-noir-2020\/","url":"https:\/\/farners.ch\/fr\/produit\/blanc-de-noir-2020\/","name":"Blanc de Noir 2022 &#8211; Farner\u2019s","isPartOf":{"@id":"https:\/\/farners.ch\/fr\/#website"},"primaryImageOfPage":{"@id":"https:\/\/farners.ch\/fr\/produit\/blanc-de-noir-2020\/#primaryimage"},"image":{"@id":"https:\/\/farners.ch\/fr\/produit\/blanc-de-noir-2020\/#primaryimage"},"thumbnailUrl":"https:\/\/farners.ch\/wp-content\/uploads\/2021\/07\/Farners-Blanc-de-Noir-mit-Glas-sRGB-scaled.jpeg","datePublished":"2021-07-20T13:34:52+00:00","dateModified":"2023-01-25T09:20:14+00:00","breadcrumb":{"@id":"https:\/\/farners.ch\/fr\/produit\/blanc-de-noir-2020\/#breadcrumb"},"inLanguage":"fr-FR","potentialAction":[{"@type":"ReadAction","target":["https:\/\/farners.ch\/fr\/produit\/blanc-de-noir-2020\/"]}]},{"@type":"ImageObject","inLanguage":"fr-FR","@id":"https:\/\/farners.ch\/fr\/produit\/blanc-de-noir-2020\/#primaryimage","url":"https:\/\/farners.ch\/wp-content\/uploads\/2021\/07\/Farners-Blanc-de-Noir-mit-Glas-sRGB-scaled.jpeg","contentUrl":"https:\/\/farners.ch\/wp-content\/uploads\/2021\/07\/Farners-Blanc-de-Noir-mit-Glas-sRGB-scaled.jpeg","width":1266,"height":2560},{"@type":"BreadcrumbList","@id":"https:\/\/farners.ch\/fr\/produit\/blanc-de-noir-2020\/#breadcrumb","itemListElement":[{"@type":"ListItem","position":1,"name":"Startseite","item":"https:\/\/farners.ch\/fr\/"},{"@type":"ListItem","position":2,"name":"Produits et boissons","item":"https:\/\/farners.ch\/fr\/produits-boissons\/"},{"@type":"ListItem","position":3,"name":"Blanc de Noir 2022"}]},{"@type":"WebSite","@id":"https:\/\/farners.ch\/fr\/#website","url":"https:\/\/farners.ch\/fr\/","name":"Farner\u2019s","description":"Agrarhandel","publisher":{"@id":"https:\/\/farners.ch\/fr\/#organization"},"potentialAction":[{"@type":"SearchAction","target":{"@type":"EntryPoint","urlTemplate":"https:\/\/farners.ch\/fr\/?s={search_term_string}"},"query-input":{"@type":"PropertyValueSpecification","valueRequired":true,"valueName":"search_term_string"}}],"inLanguage":"fr-FR"},{"@type":"Organization","@id":"https:\/\/farners.ch\/fr\/#organization","name":"Farner\u2019s","url":"https:\/\/farners.ch\/fr\/","logo":{"@type":"ImageObject","inLanguage":"fr-FR","@id":"https:\/\/farners.ch\/fr\/#\/schema\/logo\/image\/","url":"https:\/\/farners.ch\/wp-content\/uploads\/2020\/12\/farners_logo_positiv.png","contentUrl":"https:\/\/farners.ch\/wp-content\/uploads\/2020\/12\/farners_logo_positiv.png","width":318,"height":86,"caption":"Farner\u2019s"},"image":{"@id":"https:\/\/farners.ch\/fr\/#\/schema\/logo\/image\/"}}]}},"_links":{"self":[{"href":"https:\/\/farners.ch\/fr\/wp-json\/wp\/v2\/product\/2895","targetHints":{"allow":["GET"]}}],"collection":[{"href":"https:\/\/farners.ch\/fr\/wp-json\/wp\/v2\/product"}],"about":[{"href":"https:\/\/farners.ch\/fr\/wp-json\/wp\/v2\/types\/product"}],"wp:featuredmedia":[{"embeddable":true,"href":"https:\/\/farners.ch\/fr\/wp-json\/wp\/v2\/media\/2888"}],"wp:attachment":[{"href":"https:\/\/farners.ch\/fr\/wp-json\/wp\/v2\/media?parent=2895"}],"wp:term":[{"taxonomy":"product_brand","embeddable":true,"href":"https:\/\/farners.ch\/fr\/wp-json\/wp\/v2\/product_brand?post=2895"},{"taxonomy":"product_cat","embeddable":true,"href":"https:\/\/farners.ch\/fr\/wp-json\/wp\/v2\/product_cat?post=2895"},{"taxonomy":"product_tag","embeddable":true,"href":"https:\/\/farners.ch\/fr\/wp-json\/wp\/v2\/product_tag?post=2895"}],"curies":[{"name":"wp","href":"https:\/\/api.w.org\/{rel}","templated":true}]}}